{"id":9,"date":"2013-06-20T15:55:20","date_gmt":"2013-06-20T15:55:20","guid":{"rendered":"http:\/\/drabinykarola.pl\/?page_id=9"},"modified":"2018-04-17T10:58:35","modified_gmt":"2018-04-17T09:58:35","slug":"jak-kupic-drabine","status":"publish","type":"page","link":"https:\/\/drabinykarola.pl\/index.php\/jak-kupic-drabine\/","title":{"rendered":"Jak kupi\u0107 drabin\u0119?"},"content":{"rendered":"<p><a href=\"https:\/\/drabinykarola.pl\/wp-content\/uploads\/2014\/01\/150-a-120.jpg\"><img loading=\"lazy\" decoding=\"async\" class=\" wp-image-151 aligncenter\" src=\"https:\/\/drabinykarola.pl\/wp-content\/uploads\/2014\/01\/150-a-120.jpg\" alt=\"Jak\u0105 kupi\u0107 drabin\u0119\" width=\"932\" height=\"606\" srcset=\"https:\/\/drabinykarola.pl\/wp-content\/uploads\/2014\/01\/150-a-120.jpg 1141w, https:\/\/drabinykarola.pl\/wp-content\/uploads\/2014\/01\/150-a-120-300x195.jpg 300w, https:\/\/drabinykarola.pl\/wp-content\/uploads\/2014\/01\/150-a-120-768x499.jpg 768w, https:\/\/drabinykarola.pl\/wp-content\/uploads\/2014\/01\/150-a-120-1024x666.jpg 1024w\" sizes=\"auto, (max-width: 932px) 100vw, 932px\" \/><\/a><\/p>\n<p>Zastan\u00f3w si\u0119:<\/p>\n<ul>\n<li>Jakiej drabiny potrzebujesz? &#8211; Do domu, do biura, do firmy, czy b\u0119dziesz j\u0105 cz\u0119sto przewozi\u0142?<\/li>\n<li>Jak cz\u0119sto b\u0119dziesz jej u\u017cywa\u0142? &#8211; bez przerwy, codziennie, raz w miesi\u0105cu, kilka razy w roku?<\/li>\n<li>Mo\u017ce lepiej kupi\u0107 dwie drabiny zamiast jednej do wszystkiego?<\/li>\n<li>Jak wysoko musisz si\u0119gn\u0105\u0107?<\/li>\n<li>Gdzie b\u0119dziesz drabin\u0119 przechowywa\u0142?<\/li>\n<li>Czy to drabina tylko dla Ciebie, czy te\u017c dla Twojego pracownika?<\/li>\n<\/ul>\n<p>Jak ju\u017c to wiesz to poszukaj:<\/p>\n<ul>\n<li>w internecie &#8211; znajdziesz kilka sklep\u00f3w internetowych z drabinami, masz pe\u0142ny wyb\u00f3r i dobre ceny, ale nie mo\u017cna podotyka\u0107, za to mo\u017cna si\u0119 telefonicznie poradzi\u0107 u kogo\u015b, kto ma poj\u0119cie (nie zawsze), je\u017celi decydujesz si\u0119 na zakup przez internet wybierz sklep, kt\u00f3ry umo\u017cliwi Ci wymian\u0119 lub zwrot drabiny (s\u0105 takie gdzie mo\u017cna zrobi\u0107 to do 30 dni ca\u0142kowicie bezp\u0142atnie)<\/li>\n<li>na Allegro &#8211; du\u017cy wyb\u00f3r, ale te\u017c ryzyko. Kupuj u sprawdzonych sprzedawc\u00f3w. Sprawd\u017a komentarze na ich temat, w sklepach internetowych cz\u0119sto jest taniej, bo nie p\u0142ac\u0105 Allegro prowizji od sprzeda\u017cy. <a title=\"7 bajek o drabinach\" href=\"https:\/\/drabinykarola.pl\/drabiny-aluminiowe-nie-wierz-w-bajki\/\">Nie wierz w bajki o drabinach<\/a>, kt\u00f3re wypisuj\u0105 niekt\u00f3rzy sprzedawcy na swoich aukcjach.<\/li>\n<li>w specjalistycznych sklepach z drabinami &#8211; jest takich kilkana\u015bcie, masz du\u017cy wyb\u00f3r, fachowe doradztwo (przewa\u017cnie), nie zawsze niskie ceny i mo\u017cliwo\u015b\u0107 &#8220;podotykania&#8221;, jednak takich sklep\u00f3w jest ma\u0142o i mo\u017ce si\u0119 okaza\u0107, \u017ce do najbli\u017cszego masz dwie godziny drogi.<\/li>\n<li>w supermarketach budowlanych &#8211; maj\u0105 tam ma\u0142y wyb\u00f3r drabin, cz\u0119sto marnej jako\u015bci<br \/>\n(do domu wystarczy), ale za to ka\u017cd\u0105 mo\u017cesz sobie obejrze\u0107, spr\u00f3bowa\u0107 roz\u0142o\u017cy\u0107, podnie\u015b\u0107, przenie\u015b\u0107 i wyj\u015b\u0107 z drabin\u0105 \ud83d\ude09<\/li>\n<li>w mniejszych sklepach ogrodniczych i budowlanych &#8211; przewa\u017cnie jest ma\u0142y wyb\u00f3r i brak fachowej porady, jak w supermarketach, ale zdarzaj\u0105 si\u0119 chlubne wyj\u0105tki.<\/li>\n<\/ul>\n<p>Kieruj si\u0119 zdrowym rozs\u0105dkiem, to tylko drabina&#8230; Nie wierz w <a title=\"7 bajek o drabinach\" href=\"https:\/\/drabinykarola.pl\/drabiny-aluminiowe-nie-wierz-w-bajki\/\">bajki o drabinach<\/a> i <a title=\"7 oszustw sprzedawc\u00f3w drabin\" href=\"https:\/\/drabinykarola.pl\/7-oszustw-sprzedawcow-drabin\/\">nie daj si\u0119 oszuka\u0107 sprzedawcom drabin<\/a>.<\/p>\n<p>Najcz\u0119stsze b\u0142\u0119dy:<\/p>\n<ul>\n<li>nie zrobienie tego co napisa\u0142em powy\u017cej \ud83d\ude09<\/li>\n<li>kupowanie drabiny za du\u017cej<\/li>\n<li>kupowanie drabiny za ma\u0142ej<\/li>\n<li>kupowanie drabiny za ci\u0119\u017ckiej<\/li>\n<li>kupowanie drabiny byle jakiej<\/li>\n<\/ul>\n","protected":false},"excerpt":{"rendered":"<p>Zastan\u00f3w si\u0119: Jakiej drabiny potrzebujesz? &#8211; Do domu, do biura, do firmy, czy b\u0119dziesz j\u0105 cz\u0119sto przewozi\u0142? Jak cz\u0119sto b\u0119dziesz jej u\u017cywa\u0142? &#8211; bez przerwy, codziennie, raz w miesi\u0105cu, kilka razy w roku? Mo\u017ce lepiej kupi\u0107 dwie drabiny zamiast jednej do wszystkiego? Jak wysoko musisz si\u0119gn\u0105\u0107? Gdzie b\u0119dziesz drabin\u0119 przechowywa\u0142? Czy to drabina tylko dla [&hellip;]<\/p>\n","protected":false},"author":2,"featured_media":0,"parent":0,"menu_order":0,"comment_status":"open","ping_status":"closed","template":"","meta":{"footnotes":""},"class_list":["post-9","page","type-page","status-publish","hentry"],"aioseo_notices":[],"_links":{"self":[{"href":"https:\/\/drabinykarola.pl\/index.php\/wp-json\/wp\/v2\/pages\/9","targetHints":{"allow":["GET"]}}],"collection":[{"href":"https:\/\/drabinykarola.pl\/index.php\/wp-json\/wp\/v2\/pages"}],"about":[{"href":"https:\/\/drabinykarola.pl\/index.php\/wp-json\/wp\/v2\/types\/page"}],"author":[{"embeddable":true,"href":"https:\/\/drabinykarola.pl\/index.php\/wp-json\/wp\/v2\/users\/2"}],"replies":[{"embeddable":true,"href":"https:\/\/drabinykarola.pl\/index.php\/wp-json\/wp\/v2\/comments?post=9"}],"version-history":[{"count":18,"href":"https:\/\/drabinykarola.pl\/index.php\/wp-json\/wp\/v2\/pages\/9\/revisions"}],"predecessor-version":[{"id":1208,"href":"https:\/\/drabinykarola.pl\/index.php\/wp-json\/wp\/v2\/pages\/9\/revisions\/1208"}],"wp:attachment":[{"href":"https:\/\/drabinykarola.pl\/index.php\/wp-json\/wp\/v2\/media?parent=9"}],"curies":[{"name":"wp","href":"https:\/\/api.w.org\/{rel}","templated":true}]}}