{"id":13,"date":"2013-06-20T16:20:13","date_gmt":"2013-06-20T16:20:13","guid":{"rendered":"http:\/\/drabinykarola.pl\/?page_id=13"},"modified":"2018-04-12T11:04:09","modified_gmt":"2018-04-12T10:04:09","slug":"o-mnie","status":"publish","type":"page","link":"https:\/\/drabinykarola.pl\/index.php\/o-mnie\/","title":{"rendered":"O mnie"},"content":{"rendered":"<p><a href=\"https:\/\/drabinykarola.pl\/wp-content\/uploads\/2014\/12\/karol.png\"><img loading=\"lazy\" decoding=\"async\" class=\"size-full wp-image-308 aligncenter\" src=\"https:\/\/drabinykarola.pl\/wp-content\/uploads\/2014\/12\/karol.png\" alt=\"\" width=\"150\" height=\"184\" \/><\/a><\/p>\n<p>Cze\u015b\u0107,<\/p>\n<p>Mam na imi\u0119 Karol i od dwudziestu lat zajmuj\u0119 si\u0119 sprzeda\u017c\u0105 drabin wszelkich typ\u00f3w. Przez kilka lat pracowa\u0142em r\u00f3wnie\u017c w firmie produkuj\u0105cej drabiny aluminiowe. Co ciekawe rodze\u0144stwo mojej mamy produkowa\u0142o kiedy\u015b na Podhalu drabiny drewniane, ale do rzeczy.<\/p>\n<p>W ostatnich kilku latach wyb\u00f3r drabin aluminiowych oferowanych w Polsce bardzo si\u0119 zwi\u0119kszy\u0142. Drabiny aluminiowe potania\u0142y i sta\u0142y si\u0119 bardzo popularne. Coraz wi\u0119cej jest te\u017c sprzedawc\u00f3w i importer\u00f3w drabin. Nie przybywa tylko producent\u00f3w, bo okazuje si\u0119, \u017ce wyprodukowanie bezpiecznej i niedrogiej drabiny wcale nie jest takie proste.<\/p>\n<p>Wzrost konkurencji spowodowa\u0142, \u017ce sprzedawcy prze\u015bcigaj\u0105 si\u0119 w pomys\u0142ach jak by tu wi\u0119cej sprzeda\u0107, a klienci bombardowani s\u0105 mas\u0105 bzdurnych informacji. Dlatego te\u017c stworzy\u0142em t\u0105 stron\u0119. Chc\u0119, aby ka\u017cdy kogo temat zainteresuje m\u00f3g\u0142 dowiedzie\u0107 si\u0119 czego\u015b sensownego o drabinach i dokona\u0107 w\u0142a\u015bciwego wyboru przy zakupie.<\/p>\n","protected":false},"excerpt":{"rendered":"<p>Cze\u015b\u0107, Mam na imi\u0119 Karol i od dwudziestu lat zajmuj\u0119 si\u0119 sprzeda\u017c\u0105 drabin wszelkich typ\u00f3w. Przez kilka lat pracowa\u0142em r\u00f3wnie\u017c w firmie produkuj\u0105cej drabiny aluminiowe. Co ciekawe rodze\u0144stwo mojej mamy produkowa\u0142o kiedy\u015b na Podhalu drabiny drewniane, ale do rzeczy. W ostatnich kilku latach wyb\u00f3r drabin aluminiowych oferowanych w Polsce bardzo si\u0119 zwi\u0119kszy\u0142. Drabiny aluminiowe potania\u0142y [&hellip;]<\/p>\n","protected":false},"author":2,"featured_media":0,"parent":0,"menu_order":10,"comment_status":"open","ping_status":"closed","template":"","meta":{"footnotes":""},"class_list":["post-13","page","type-page","status-publish","hentry"],"aioseo_notices":[],"_links":{"self":[{"href":"https:\/\/drabinykarola.pl\/index.php\/wp-json\/wp\/v2\/pages\/13","targetHints":{"allow":["GET"]}}],"collection":[{"href":"https:\/\/drabinykarola.pl\/index.php\/wp-json\/wp\/v2\/pages"}],"about":[{"href":"https:\/\/drabinykarola.pl\/index.php\/wp-json\/wp\/v2\/types\/page"}],"author":[{"embeddable":true,"href":"https:\/\/drabinykarola.pl\/index.php\/wp-json\/wp\/v2\/users\/2"}],"replies":[{"embeddable":true,"href":"https:\/\/drabinykarola.pl\/index.php\/wp-json\/wp\/v2\/comments?post=13"}],"version-history":[{"count":8,"href":"https:\/\/drabinykarola.pl\/index.php\/wp-json\/wp\/v2\/pages\/13\/revisions"}],"predecessor-version":[{"id":1162,"href":"https:\/\/drabinykarola.pl\/index.php\/wp-json\/wp\/v2\/pages\/13\/revisions\/1162"}],"wp:attachment":[{"href":"https:\/\/drabinykarola.pl\/index.php\/wp-json\/wp\/v2\/media?parent=13"}],"curies":[{"name":"wp","href":"https:\/\/api.w.org\/{rel}","templated":true}]}}